{"id":676,"date":"2022-03-04T13:29:52","date_gmt":"2022-03-04T10:29:52","guid":{"rendered":"https:\/\/tasityonetim.com\/wordpress\/?page_id=676"},"modified":"2022-03-04T14:05:58","modified_gmt":"2022-03-04T11:05:58","slug":"3-farkli-kullanim-secenegi","status":"publish","type":"page","link":"https:\/\/tasityonetim.com\/v2\/3-farkli-kullanim-secenegi\/","title":{"rendered":"3 Farkl\u0131 Kullan\u0131m Se\u00e7ene\u011fi"},"content":{"rendered":"<div class=\"\" style=\"\" >\n    \n    <section class=\"u-clearfix u-white u-section-2\" id=\"sec-44d2\">\n      <div class=\"u-clearfix u-sheet u-sheet-1\">\n        <h3 class=\"u-custom-font u-font-roboto u-text u-text-default u-text-1\">3 Farkl\u0131 Kullan\u0131m Se\u00e7ene\u011fi<\/h3>\n        <img decoding=\"async\" class=\"u-image u-image-default u-image-1\" src=\"https:\/\/tasityonetim.com\/v2\/wp-content\/uploads\/2022\/03\/anahtarlkyenisi.png\" alt=\"\" data-image-width=\"610\" data-image-height=\"430\">\n        <img decoding=\"async\" class=\"u-image u-image-default u-image-2\" src=\"https:\/\/tasityonetim.com\/v2\/wp-content\/uploads\/2022\/03\/47648607-cf87-44e1-97b8-090c755b4923.jpg\" alt=\"\" data-image-width=\"290\" data-image-height=\"155\">\n        <img decoding=\"async\" class=\"u-image u-image-default u-image-3\" src=\"https:\/\/tasityonetim.com\/v2\/wp-content\/uploads\/2022\/03\/05d0beb7-5132-4dbc-bc1e-9d2c44943e30.jpg\" alt=\"\" data-image-width=\"290\" data-image-height=\"155\">\n        <p class=\"u-text u-text-2\">\n          <span style=\"font-weight: 700;\"> Anahtarl\u0131k<\/span> :&nbsp; Araca montaj\u0131 olmayan ta\u015f\u0131nabilir el kiti. T\u00fcm ara\u00e7 tipleri i\u00e7in\nuygundur.\n        <\/p>\n        <p class=\"u-text u-text-3\">\n          <span style=\"font-weight: 700;\">Pasif\nKit<\/span> : Arac\u0131n depo kapa\u011f\u0131na montaj\u0131 yap\u0131lan \u00fcnite tipi, siyah ince bir kablo\n\u015feklinde olup montaj s\u00fcresi yakla\u015f\u0131k 15-20 dakikad\u0131r. T\u00fcm ara\u00e7 tipleri i\u00e7in\nuygundur.\n        <\/p>\n        <p class=\"u-text u-text-4\">\n          <span style=\"font-weight: 700;\"> Kart <\/span>: Araca &nbsp;montaj\u0131 olmayan ta\u015f\u0131nabilir el kiti. T\u00fcm ara\u00e7\ntipleri i\u00e7in uygundur.\n        <\/p>\n      <\/div>\n    <\/section>\n    \n    \n    \n  \n<\/div>","protected":false},"excerpt":{"rendered":"<p>3 Farkl\u0131 Kullan\u0131m Se\u00e7ene\u011fi Anahtarl\u0131k :&nbsp; Araca montaj\u0131 olmayan ta\u015f\u0131nabilir el kiti. T\u00fcm ara\u00e7 tipleri i\u00e7in uygundur. Pasif Kit : Arac\u0131n depo kapa\u011f\u0131na montaj\u0131 yap\u0131lan \u00fcnite tipi, siyah ince bir kablo \u015feklinde olup montaj s\u00fcresi yakla\u015f\u0131k 15-20 dakikad\u0131r. T\u00fcm ara\u00e7 tipleri i\u00e7in uygundur. Kart : Araca &nbsp;montaj\u0131 olmayan ta\u015f\u0131nabilir el kiti. T\u00fcm ara\u00e7 tipleri i\u00e7in&hellip; <a class=\"more-link\" href=\"https:\/\/tasityonetim.com\/v2\/3-farkli-kullanim-secenegi\/\">Okumaya devam et <span class=\"screen-reader-text\">3 Farkl\u0131 Kullan\u0131m Se\u00e7ene\u011fi<\/span><\/a><\/p>\n","protected":false},"author":1,"featured_media":0,"parent":0,"menu_order":0,"comment_status":"closed","ping_status":"closed","template":"","meta":{"footnotes":""},"class_list":["post-676","page","type-page","status-publish","hentry","entry"],"_links":{"self":[{"href":"https:\/\/tasityonetim.com\/v2\/wp-json\/wp\/v2\/pages\/676","targetHints":{"allow":["GET"]}}],"collection":[{"href":"https:\/\/tasityonetim.com\/v2\/wp-json\/wp\/v2\/pages"}],"about":[{"href":"https:\/\/tasityonetim.com\/v2\/wp-json\/wp\/v2\/types\/page"}],"author":[{"embeddable":true,"href":"https:\/\/tasityonetim.com\/v2\/wp-json\/wp\/v2\/users\/1"}],"replies":[{"embeddable":true,"href":"https:\/\/tasityonetim.com\/v2\/wp-json\/wp\/v2\/comments?post=676"}],"version-history":[{"count":4,"href":"https:\/\/tasityonetim.com\/v2\/wp-json\/wp\/v2\/pages\/676\/revisions"}],"predecessor-version":[{"id":682,"href":"https:\/\/tasityonetim.com\/v2\/wp-json\/wp\/v2\/pages\/676\/revisions\/682"}],"wp:attachment":[{"href":"https:\/\/tasityonetim.com\/v2\/wp-json\/wp\/v2\/media?parent=676"}],"curies":[{"name":"wp","href":"https:\/\/api.w.org\/{rel}","templated":true}]}}