{"id":366,"date":"2022-01-21T12:41:37","date_gmt":"2022-01-21T09:41:37","guid":{"rendered":"http:\/\/localhost\/wordpress\/?page_id=366"},"modified":"2022-02-24T09:17:05","modified_gmt":"2022-02-24T06:17:05","slug":"bp-tasitmatik-nedir","status":"publish","type":"page","link":"https:\/\/tasityonetim.com\/v2\/bp-tasitmatik-nedir\/","title":{"rendered":"BP Ta\u015f\u0131tmatik Nedir?"},"content":{"rendered":"<div class=\"\" style=\"\" >\n    \n    <section class=\"u-clearfix u-grey-10 u-section-2\" id=\"sec-1a8e\">\n      <div class=\"u-align-left u-clearfix u-sheet u-sheet-1\">\n        <h4 class=\"u-align-center u-custom-font u-font-arial u-text u-text-default u-text-1\"> &nbsp;&nbsp;BP Ta\u015f\u0131tmatik Sistemi Nedir?<\/h4>\n        <p class=\"u-align-center u-custom-font u-font-roboto u-text u-text-2\">\n          <br>&nbsp;BP Ta\u015f\u0131tmatik Sistemi Nedir?BP Ta\u015f\u0131tmatik, BP\u2019nin filolara \u00f6zel geli\u015ftirdi\u011fi \u00e7\u00f6z\u00fcm\u00fcm\u00fcz.Bu otomasyon sistemiyle, akaryak\u0131t\u0131n\u0131z\u0131 arac\u0131n\u0131zdan \u00e7\u0131kmadan al\u0131p, ikmal s\u0131ras\u0131nda herhangi bir \u00f6deme yapmaks\u0131z\u0131n akaryak\u0131t giderlerinizi tam olarak kontrol alt\u0131na alabilirsiniz.\n        <\/p>\n        <p class=\"u-align-center u-custom-font u-font-roboto u-text u-text-3\">\n          <br>\n          <br>&nbsp;BP\u2019nin Ta\u015f\u0131tmatik\u2019li i\u015f ortaklar\u0131,<br>&nbsp; &nbsp; &nbsp; &nbsp; &nbsp; &nbsp; &nbsp; &nbsp; &nbsp; &nbsp; &nbsp; &nbsp; &nbsp; &nbsp; &nbsp; &nbsp; &nbsp; &nbsp; &nbsp; &nbsp; &nbsp;<br>sitesi arac\u0131l\u0131\u011f\u0131yla yapt\u0131klar\u0131 yak\u0131t al\u0131mlar\u0131n\u0131n yan\u0131 s\u0131ra \u00f6zel haz\u0131rlanm\u0131\u015f avantajl\u0131 teklifleri g\u00f6r\u00fcnt\u00fcleyebiliyorlar.&nbsp;BP Ta\u015f\u0131tmatik avantajlar\u0131 T\u00fcrkiye\u2019nin d\u00f6rt bir yan\u0131nda&nbsp;BP T\u00fcrkiye; Ta\u015f\u0131tmatik sistemi ile ara\u00e7tan inmeden \u00f6deme imk\u00e2n\u0131, ikmal s\u0131ras\u0131nda \u00f6deme yapmadan akaryak\u0131t giderlerinde tam kontrol, hatal\u0131 yak\u0131t al\u0131m\u0131n\u0131n \u00f6n\u00fcne ge\u00e7me, tek fatura imk\u00e2n\u0131, otomatik \u00f6deme se\u00e7ene\u011fi, faturayla birlikte sunulan akaryak\u0131t al\u0131m raporu ve limitlendirme gibi ayr\u0131cal\u0131klar sunuyor. BP Ta\u015f\u0131tmatik d\u00fcnyas\u0131n\u0131n avantajlar\u0131 ile detayl\u0131 bilgi bptasitmatik.com arac\u0131l\u0131\u011f\u0131 ile potansiyel ve mevcut i\u015f ortaklar\u0131m\u0131za duyuruluyor.\n        <\/p>\n        <a href=\"https:\/\/www.bptasitmatik.com\/TasitmatikV3\/iletisim\" class=\"u-active-none u-border-2 u-border-active-palette-2-dark-1 u-border-hover-palette-2-base u-border-palette-1-base u-btn u-button-style u-hover-none u-none u-text-hover-palette-2-base u-text-palette-1-base u-btn-1\" target=\"_blank\"> bptasitmatikonline.com<\/a>\n      <\/div>\n    <\/section>\n    \n    \n    \n  \n<\/div>","protected":false},"excerpt":{"rendered":"<p>&nbsp;&nbsp;BP Ta\u015f\u0131tmatik Sistemi Nedir? &nbsp;BP Ta\u015f\u0131tmatik Sistemi Nedir?BP Ta\u015f\u0131tmatik, BP\u2019nin filolara \u00f6zel geli\u015ftirdi\u011fi \u00e7\u00f6z\u00fcm\u00fcm\u00fcz.Bu otomasyon sistemiyle, akaryak\u0131t\u0131n\u0131z\u0131 arac\u0131n\u0131zdan \u00e7\u0131kmadan al\u0131p, ikmal s\u0131ras\u0131nda herhangi bir \u00f6deme yapmaks\u0131z\u0131n akaryak\u0131t giderlerinizi tam olarak kontrol alt\u0131na alabilirsiniz. &nbsp;BP\u2019nin Ta\u015f\u0131tmatik\u2019li i\u015f ortaklar\u0131,&nbsp; &nbsp; &nbsp; &nbsp; &nbsp; &nbsp; &nbsp; &nbsp; &nbsp; &nbsp; &nbsp; &nbsp; &nbsp; &nbsp; &nbsp; &nbsp; &nbsp; &nbsp; &nbsp;&hellip; <a class=\"more-link\" href=\"https:\/\/tasityonetim.com\/v2\/bp-tasitmatik-nedir\/\">Okumaya devam et <span class=\"screen-reader-text\">BP Ta\u015f\u0131tmatik Nedir?<\/span><\/a><\/p>\n","protected":false},"author":1,"featured_media":0,"parent":0,"menu_order":0,"comment_status":"closed","ping_status":"closed","template":"","meta":{"footnotes":""},"class_list":["post-366","page","type-page","status-publish","hentry","entry"],"_links":{"self":[{"href":"https:\/\/tasityonetim.com\/v2\/wp-json\/wp\/v2\/pages\/366","targetHints":{"allow":["GET"]}}],"collection":[{"href":"https:\/\/tasityonetim.com\/v2\/wp-json\/wp\/v2\/pages"}],"about":[{"href":"https:\/\/tasityonetim.com\/v2\/wp-json\/wp\/v2\/types\/page"}],"author":[{"embeddable":true,"href":"https:\/\/tasityonetim.com\/v2\/wp-json\/wp\/v2\/users\/1"}],"replies":[{"embeddable":true,"href":"https:\/\/tasityonetim.com\/v2\/wp-json\/wp\/v2\/comments?post=366"}],"version-history":[{"count":10,"href":"https:\/\/tasityonetim.com\/v2\/wp-json\/wp\/v2\/pages\/366\/revisions"}],"predecessor-version":[{"id":583,"href":"https:\/\/tasityonetim.com\/v2\/wp-json\/wp\/v2\/pages\/366\/revisions\/583"}],"wp:attachment":[{"href":"https:\/\/tasityonetim.com\/v2\/wp-json\/wp\/v2\/media?parent=366"}],"curies":[{"name":"wp","href":"https:\/\/api.w.org\/{rel}","templated":true}]}}