{"id":297,"date":"2022-01-10T16:38:45","date_gmt":"2022-01-10T13:38:45","guid":{"rendered":"http:\/\/localhost\/wordpress\/?page_id=297"},"modified":"2022-01-28T14:49:16","modified_gmt":"2022-01-28T11:49:16","slug":"teklifal","status":"publish","type":"page","link":"https:\/\/tasityonetim.com\/v2\/teklifal\/","title":{"rendered":"Teklif Al"},"content":{"rendered":"<div class=\"\" style=\"\" >\n    \n    <section class=\"u-align-center u-clearfix u-white u-section-2\" id=\"sec-4046\">\n      <div class=\"u-clearfix u-sheet u-sheet-1\">\n        <div class=\"u-border-2 u-border-black u-form u-grey-10 u-radius-50 u-form-1\">\n          <form action=\"https:\/\/tasityonetim.com\/v2\/wp-content\/plugins\/nicepage\/templates\/form.php?id=297&formId=4046\" method=\"POST\" class=\"u-clearfix u-form-spacing-18 u-form-vertical u-inner-form\" style=\"padding: 27px;\" source=\"customphp\" name=\"form\">\n            <div class=\"u-form-group u-form-name u-label-top u-form-group-1\">\n              <label for=\"name-6797\" class=\"u-custom-font u-font-montserrat u-label u-text-black u-label-1\">Ad\u0131 - Soyad\u0131<\/label>\n              <input type=\"text\" id=\"name-6797\" name=\"name\" class=\"u-border-1 u-border-black u-border-no-left u-border-no-right u-border-no-top u-custom-font u-font-montserrat u-input u-input-rectangle u-text-black u-input-1\" required=\"\" placeholder=\"Ad Soyad Giriniz\">\n            <\/div>\n            <div class=\"u-form-group u-form-phone u-label-top u-form-group-2\">\n              <label for=\"phone-b339\" class=\"u-custom-font u-font-montserrat u-label u-text-black u-label-2\">Telefon <\/label>\n              <input type=\"tel\" pattern=\"[\\(\\-]?([0-9]{3})[\\)\\-]?[\\\/\\s]?([0-9\\-]{3,9})\" placeholder=\"Telefon Numaras\u0131 Giriniz\" id=\"phone-b339\" name=\"phone\" class=\"u-border-1 u-border-black u-border-no-left u-border-no-right u-border-no-top u-custom-font u-font-montserrat u-input u-input-rectangle u-text-black u-input-2\" required=\"\">\n            <\/div>\n            <div class=\"u-form-email u-form-group u-label-top u-form-group-3\">\n              <label for=\"email-6797\" class=\"u-custom-font u-font-montserrat u-label u-text-black u-label-3\">E-posta<\/label>\n              <input type=\"email\" placeholder=\"E-posta Adresi Giriniz\" id=\"email-6797\" name=\"email\" class=\"u-border-1 u-border-black u-border-no-left u-border-no-right u-border-no-top u-custom-font u-font-montserrat u-input u-input-rectangle u-text-black u-input-3\" required=\"\">\n            <\/div>\n            <div class=\"u-form-group u-label-top u-form-group-4\">\n              <label for=\"text-e086\" class=\"u-custom-font u-font-montserrat u-label u-text-black u-label-4\">\u015eirket Unvan\u0131<\/label>\n              <input type=\"text\" placeholder=\"\u015eirket Unvan\u0131 Giriniz\" id=\"text-e086\" name=\"text\" class=\"u-border-1 u-border-black u-border-no-left u-border-no-right u-border-no-top u-custom-font u-font-montserrat u-input u-input-rectangle u-text-black u-input-4\" required=\"required\">\n            <\/div>\n            <div class=\"u-form-group u-form-select u-label-top u-form-group-5\">\n              <label for=\"select-7cfe\" class=\"u-custom-font u-font-montserrat u-label u-text-black u-label-5\">Ayl\u0131k T\u00fcketim Miktar\u0131<\/label>\n              <div class=\"u-form-select-wrapper\">\n                <select id=\"select-7cfe\" name=\"select\" class=\"u-border-1 u-border-black u-border-no-left u-border-no-right u-border-no-top u-custom-font u-font-montserrat u-input u-input-rectangle u-text-black u-input-5\" required=\"required\">\n                  <option value=\"2.500 TL - 8.000 TL\">2.500 TL - 8.000 TL<\/option>\n                  <option value=\"8.000 TL - 20.000 TL\">8.000 TL - 20.000 TL<\/option>\n                  <option value=\"20.000 TL - 50.000 TL\">20.000 TL - 50.000 TL<\/option>\n                  <option value=\"50.000 TL ve \u00fczeri\">50.000 TL ve \u00fczeri<\/option>\n                <\/select>\n                <svg xmlns=\"http:\/\/www.w3.org\/2000\/svg\" width=\"14\" height=\"12\" version=\"1\" class=\"u-caret\"><path fill=\"currentColor\" d=\"M4 8L0 4h8z\"><\/path><\/svg>\n              <\/div>\n            <\/div>\n            <div class=\"u-align-center u-form-group u-form-submit u-form-group-6\">\n              <a href=\"#\" class=\"u-border-none u-btn u-btn-round u-btn-submit u-button-style u-custom-color-2 u-custom-font u-font-merriweather u-hover-black u-radius-44 u-btn-1\">G\u00f6nder<br>\n              <\/a>\n              <input type=\"submit\" value=\"submit\" class=\"u-form-control-hidden\">\n            <\/div>\n            <div class=\"u-form-send-message u-form-send-success\">Ba\u015far\u0131yla g\u00f6nderildi!<\/div>\n            <div class=\"u-form-send-error u-form-send-message\">L\u00fctfen gerekli yerleri doldurdu\u011funuzdan emin olun!<\/div>\n            <input type=\"hidden\" value=\"\" name=\"recaptchaResponse\">\n          <\/form>\n        <\/div>\n      <\/div>\n    <\/section>\n    \n    \n    \n  \n<\/div>","protected":false},"excerpt":{"rendered":"<p>Ad\u0131 &#8211; Soyad\u0131 Telefon E-posta \u015eirket Unvan\u0131 Ayl\u0131k T\u00fcketim Miktar\u0131 2.500 TL &#8211; 8.000 TL 8.000 TL &#8211; 20.000 TL 20.000 TL &#8211; 50.000 TL 50.000 TL ve \u00fczeri G\u00f6nder Ba\u015far\u0131yla g\u00f6nderildi! L\u00fctfen gerekli yerleri doldurdu\u011funuzdan emin olun!<\/p>\n","protected":false},"author":1,"featured_media":0,"parent":0,"menu_order":0,"comment_status":"closed","ping_status":"closed","template":"","meta":{"footnotes":""},"class_list":["post-297","page","type-page","status-publish","hentry","entry"],"_links":{"self":[{"href":"https:\/\/tasityonetim.com\/v2\/wp-json\/wp\/v2\/pages\/297","targetHints":{"allow":["GET"]}}],"collection":[{"href":"https:\/\/tasityonetim.com\/v2\/wp-json\/wp\/v2\/pages"}],"about":[{"href":"https:\/\/tasityonetim.com\/v2\/wp-json\/wp\/v2\/types\/page"}],"author":[{"embeddable":true,"href":"https:\/\/tasityonetim.com\/v2\/wp-json\/wp\/v2\/users\/1"}],"replies":[{"embeddable":true,"href":"https:\/\/tasityonetim.com\/v2\/wp-json\/wp\/v2\/comments?post=297"}],"version-history":[{"count":6,"href":"https:\/\/tasityonetim.com\/v2\/wp-json\/wp\/v2\/pages\/297\/revisions"}],"predecessor-version":[{"id":326,"href":"https:\/\/tasityonetim.com\/v2\/wp-json\/wp\/v2\/pages\/297\/revisions\/326"}],"wp:attachment":[{"href":"https:\/\/tasityonetim.com\/v2\/wp-json\/wp\/v2\/media?parent=297"}],"curies":[{"name":"wp","href":"https:\/\/api.w.org\/{rel}","templated":true}]}}